{"id":9389,"date":"2025-06-23T11:34:13","date_gmt":"2025-06-23T09:34:13","guid":{"rendered":"https:\/\/www.groupe-boet.com\/product\/sistema-scr-estatico-sobre-patin\/"},"modified":"2026-04-09T16:07:22","modified_gmt":"2026-04-09T14:07:22","slug":"sistema-scr-estatico-sobre-patin","status":"publish","type":"product","link":"https:\/\/www.groupe-boet.com\/es\/product\/sistema-scr-estatico-sobre-patin\/","title":{"rendered":"Sistema de escape completo"},"excerpt":{"rendered":"<p>El Groupe Bo\u00ebt dise\u00f1a sistemas de escape completos que integran la ac\u00fastica, la aer\u00e1ulica y el control de la contaminaci\u00f3n, para optimizar el rendimiento y cumplir estrictamente las normas medioambientales.<\/p>\n","protected":false},"featured_media":13756,"template":"","product_category":[126],"class_list":["post-9389","product","type-product","status-publish","has-post-thumbnail","hentry","product_category-linea-de-escape-descontaminacion-y-atenuacion"],"acf":[],"_links":{"self":[{"href":"https:\/\/www.groupe-boet.com\/es\/wp-json\/wp\/v2\/product\/9389","targetHints":{"allow":["GET"]}}],"collection":[{"href":"https:\/\/www.groupe-boet.com\/es\/wp-json\/wp\/v2\/product"}],"about":[{"href":"https:\/\/www.groupe-boet.com\/es\/wp-json\/wp\/v2\/types\/product"}],"version-history":[{"count":4,"href":"https:\/\/www.groupe-boet.com\/es\/wp-json\/wp\/v2\/product\/9389\/revisions"}],"predecessor-version":[{"id":19430,"href":"https:\/\/www.groupe-boet.com\/es\/wp-json\/wp\/v2\/product\/9389\/revisions\/19430"}],"wp:featuredmedia":[{"embeddable":true,"href":"https:\/\/www.groupe-boet.com\/es\/wp-json\/wp\/v2\/media\/13756"}],"wp:attachment":[{"href":"https:\/\/www.groupe-boet.com\/es\/wp-json\/wp\/v2\/media?parent=9389"}],"wp:term":[{"taxonomy":"product_category","embeddable":true,"href":"https:\/\/www.groupe-boet.com\/es\/wp-json\/wp\/v2\/product_category?post=9389"}],"curies":[{"name":"wp","href":"https:\/\/api.w.org\/{rel}","templated":true}]}}