{"id":2667,"date":"2023-02-21T14:46:58","date_gmt":"2023-02-21T13:46:58","guid":{"rendered":"https:\/\/www.groupe-boet.com\/?post_type=product&#038;p=2667"},"modified":"2025-12-16T16:38:36","modified_gmt":"2025-12-16T15:38:36","slug":"silenciadores-en-linea","status":"publish","type":"product","link":"https:\/\/www.groupe-boet.com\/es\/product\/silenciadores-en-linea\/","title":{"rendered":"Silenciador en l\u00ednea"},"excerpt":{"rendered":"<p>El silenciador disipativo en l\u00ednea es una soluci\u00f3n ac\u00fastica dise\u00f1ada para reducir eficazmente el ruido de compresores, motores o redes de aire, sin p\u00e9rdida de caudal.<\/p>\n","protected":false},"featured_media":9494,"template":"","product_category":[61],"class_list":["post-2667","product","type-product","status-publish","has-post-thumbnail","hentry","product_category-silenciadores-industriales"],"acf":[],"_links":{"self":[{"href":"https:\/\/www.groupe-boet.com\/es\/wp-json\/wp\/v2\/product\/2667","targetHints":{"allow":["GET"]}}],"collection":[{"href":"https:\/\/www.groupe-boet.com\/es\/wp-json\/wp\/v2\/product"}],"about":[{"href":"https:\/\/www.groupe-boet.com\/es\/wp-json\/wp\/v2\/types\/product"}],"version-history":[{"count":2,"href":"https:\/\/www.groupe-boet.com\/es\/wp-json\/wp\/v2\/product\/2667\/revisions"}],"predecessor-version":[{"id":17947,"href":"https:\/\/www.groupe-boet.com\/es\/wp-json\/wp\/v2\/product\/2667\/revisions\/17947"}],"wp:featuredmedia":[{"embeddable":true,"href":"https:\/\/www.groupe-boet.com\/es\/wp-json\/wp\/v2\/media\/9494"}],"wp:attachment":[{"href":"https:\/\/www.groupe-boet.com\/es\/wp-json\/wp\/v2\/media?parent=2667"}],"wp:term":[{"taxonomy":"product_category","embeddable":true,"href":"https:\/\/www.groupe-boet.com\/es\/wp-json\/wp\/v2\/product_category?post=2667"}],"curies":[{"name":"wp","href":"https:\/\/api.w.org\/{rel}","templated":true}]}}