{"id":2659,"date":"2023-02-21T14:42:13","date_gmt":"2023-02-21T13:42:13","guid":{"rendered":"https:\/\/www.groupe-boet.com\/?post_type=product&#038;p=2659"},"modified":"2025-12-17T10:10:44","modified_gmt":"2025-12-17T09:10:44","slug":"pantallas-acusticas-moviles","status":"publish","type":"product","link":"https:\/\/www.groupe-boet.com\/es\/product\/pantallas-acusticas-moviles\/","title":{"rendered":"Pantallas Ac\u00fasticas m\u00f3vil"},"excerpt":{"rendered":"<p>Los paneles ac\u00fasticos m\u00f3viles est\u00e1n dise\u00f1ados para limitar la propagaci\u00f3n del ruido en interiores protegiendo una zona concreta de las ondas sonoras.<\/p>\n","protected":false},"featured_media":9716,"template":"","product_category":[67],"class_list":["post-2659","product","type-product","status-publish","has-post-thumbnail","hentry","product_category-pantallas-y-paneles-acusticos"],"acf":[],"_links":{"self":[{"href":"https:\/\/www.groupe-boet.com\/es\/wp-json\/wp\/v2\/product\/2659","targetHints":{"allow":["GET"]}}],"collection":[{"href":"https:\/\/www.groupe-boet.com\/es\/wp-json\/wp\/v2\/product"}],"about":[{"href":"https:\/\/www.groupe-boet.com\/es\/wp-json\/wp\/v2\/types\/product"}],"version-history":[{"count":2,"href":"https:\/\/www.groupe-boet.com\/es\/wp-json\/wp\/v2\/product\/2659\/revisions"}],"predecessor-version":[{"id":17994,"href":"https:\/\/www.groupe-boet.com\/es\/wp-json\/wp\/v2\/product\/2659\/revisions\/17994"}],"wp:featuredmedia":[{"embeddable":true,"href":"https:\/\/www.groupe-boet.com\/es\/wp-json\/wp\/v2\/media\/9716"}],"wp:attachment":[{"href":"https:\/\/www.groupe-boet.com\/es\/wp-json\/wp\/v2\/media?parent=2659"}],"wp:term":[{"taxonomy":"product_category","embeddable":true,"href":"https:\/\/www.groupe-boet.com\/es\/wp-json\/wp\/v2\/product_category?post=2659"}],"curies":[{"name":"wp","href":"https:\/\/api.w.org\/{rel}","templated":true}]}}