{"id":2657,"date":"2023-02-21T14:41:04","date_gmt":"2023-02-21T13:41:04","guid":{"rendered":"https:\/\/www.groupe-boet.com\/?post_type=product&#038;p=2657"},"modified":"2025-11-19T18:14:49","modified_gmt":"2025-11-19T17:14:49","slug":"paneles-acusticos","status":"publish","type":"product","link":"https:\/\/www.groupe-boet.com\/es\/product\/paneles-acusticos\/","title":{"rendered":"Panel s\u00e1ndwich ac\u00fastico"},"excerpt":{"rendered":"<p>Los paneles BSP son aislantes ac\u00fasticos formados por dos chapas de acero (perforadas o no) y un n\u00facleo de lana de roca incombustible e imputrescible. Nuestros paneles son ideales para limitar la propagaci\u00f3n del ruido tanto en interiores como en exteriores. <\/p>\n","protected":false},"featured_media":9625,"template":"","product_category":[67],"class_list":["post-2657","product","type-product","status-publish","has-post-thumbnail","hentry","product_category-pantallas-y-paneles-acusticos"],"acf":[],"_links":{"self":[{"href":"https:\/\/www.groupe-boet.com\/es\/wp-json\/wp\/v2\/product\/2657","targetHints":{"allow":["GET"]}}],"collection":[{"href":"https:\/\/www.groupe-boet.com\/es\/wp-json\/wp\/v2\/product"}],"about":[{"href":"https:\/\/www.groupe-boet.com\/es\/wp-json\/wp\/v2\/types\/product"}],"version-history":[{"count":2,"href":"https:\/\/www.groupe-boet.com\/es\/wp-json\/wp\/v2\/product\/2657\/revisions"}],"predecessor-version":[{"id":17352,"href":"https:\/\/www.groupe-boet.com\/es\/wp-json\/wp\/v2\/product\/2657\/revisions\/17352"}],"wp:featuredmedia":[{"embeddable":true,"href":"https:\/\/www.groupe-boet.com\/es\/wp-json\/wp\/v2\/media\/9625"}],"wp:attachment":[{"href":"https:\/\/www.groupe-boet.com\/es\/wp-json\/wp\/v2\/media?parent=2657"}],"wp:term":[{"taxonomy":"product_category","embeddable":true,"href":"https:\/\/www.groupe-boet.com\/es\/wp-json\/wp\/v2\/product_category?post=2657"}],"curies":[{"name":"wp","href":"https:\/\/api.w.org\/{rel}","templated":true}]}}