{"id":2652,"date":"2023-02-21T14:39:16","date_gmt":"2023-02-21T13:39:16","guid":{"rendered":"https:\/\/www.groupe-boet.com\/?post_type=product&#038;p=2652"},"modified":"2025-12-17T10:31:43","modified_gmt":"2025-12-17T09:31:43","slug":"paneles-acusticos-y-particiones","status":"publish","type":"product","link":"https:\/\/www.groupe-boet.com\/es\/product\/paneles-acusticos-y-particiones\/","title":{"rendered":"Paneles ac\u00fasticos absorbentes"},"excerpt":{"rendered":"<p>Una soluci\u00f3n perfecta para reducir la reverberaci\u00f3n y el eco en espacios con altos niveles de ruido.<\/p>\n","protected":false},"featured_media":9280,"template":"","product_category":[73],"class_list":["post-2652","product","type-product","status-publish","has-post-thumbnail","hentry","product_category-paneles-absorbentes"],"acf":[],"_links":{"self":[{"href":"https:\/\/www.groupe-boet.com\/es\/wp-json\/wp\/v2\/product\/2652","targetHints":{"allow":["GET"]}}],"collection":[{"href":"https:\/\/www.groupe-boet.com\/es\/wp-json\/wp\/v2\/product"}],"about":[{"href":"https:\/\/www.groupe-boet.com\/es\/wp-json\/wp\/v2\/types\/product"}],"version-history":[{"count":3,"href":"https:\/\/www.groupe-boet.com\/es\/wp-json\/wp\/v2\/product\/2652\/revisions"}],"predecessor-version":[{"id":18001,"href":"https:\/\/www.groupe-boet.com\/es\/wp-json\/wp\/v2\/product\/2652\/revisions\/18001"}],"wp:featuredmedia":[{"embeddable":true,"href":"https:\/\/www.groupe-boet.com\/es\/wp-json\/wp\/v2\/media\/9280"}],"wp:attachment":[{"href":"https:\/\/www.groupe-boet.com\/es\/wp-json\/wp\/v2\/media?parent=2652"}],"wp:term":[{"taxonomy":"product_category","embeddable":true,"href":"https:\/\/www.groupe-boet.com\/es\/wp-json\/wp\/v2\/product_category?post=2652"}],"curies":[{"name":"wp","href":"https:\/\/api.w.org\/{rel}","templated":true}]}}