{"id":2650,"date":"2023-02-21T14:38:28","date_gmt":"2023-02-21T13:38:28","guid":{"rendered":"https:\/\/www.groupe-boet.com\/?post_type=product&#038;p=2650"},"modified":"2025-12-16T17:30:30","modified_gmt":"2025-12-16T16:30:30","slug":"puertas-acusticas","status":"publish","type":"product","link":"https:\/\/www.groupe-boet.com\/es\/product\/puertas-acusticas\/","title":{"rendered":"Puertas ac\u00fasticas"},"excerpt":{"rendered":"<p>El dise\u00f1o de la unidad de puerta ac\u00fastica BO\u00cbT STOPSON combina rendimiento y robustez.<\/p>\n","protected":false},"featured_media":9719,"template":"","product_category":[65],"class_list":["post-2650","product","type-product","status-publish","has-post-thumbnail","hentry","product_category-puertas-acusticas"],"acf":[],"_links":{"self":[{"href":"https:\/\/www.groupe-boet.com\/es\/wp-json\/wp\/v2\/product\/2650","targetHints":{"allow":["GET"]}}],"collection":[{"href":"https:\/\/www.groupe-boet.com\/es\/wp-json\/wp\/v2\/product"}],"about":[{"href":"https:\/\/www.groupe-boet.com\/es\/wp-json\/wp\/v2\/types\/product"}],"version-history":[{"count":2,"href":"https:\/\/www.groupe-boet.com\/es\/wp-json\/wp\/v2\/product\/2650\/revisions"}],"predecessor-version":[{"id":17976,"href":"https:\/\/www.groupe-boet.com\/es\/wp-json\/wp\/v2\/product\/2650\/revisions\/17976"}],"wp:featuredmedia":[{"embeddable":true,"href":"https:\/\/www.groupe-boet.com\/es\/wp-json\/wp\/v2\/media\/9719"}],"wp:attachment":[{"href":"https:\/\/www.groupe-boet.com\/es\/wp-json\/wp\/v2\/media?parent=2650"}],"wp:term":[{"taxonomy":"product_category","embeddable":true,"href":"https:\/\/www.groupe-boet.com\/es\/wp-json\/wp\/v2\/product_category?post=2650"}],"curies":[{"name":"wp","href":"https:\/\/api.w.org\/{rel}","templated":true}]}}