{"id":19044,"date":"2026-03-12T15:35:10","date_gmt":"2026-03-12T14:35:10","guid":{"rendered":"https:\/\/www.groupe-boet.com\/product\/auriculares-acusticos\/"},"modified":"2026-04-09T10:48:46","modified_gmt":"2026-04-09T08:48:46","slug":"auriculares-acusticos","status":"publish","type":"product","link":"https:\/\/www.groupe-boet.com\/es\/product\/auriculares-acusticos\/","title":{"rendered":"Auriculares ac\u00fasticos"},"excerpt":{"rendered":"<p>Las campanas ac\u00fasticas desarrolladas por el Groupe Bo\u00ebt est\u00e1n concebidas como aut\u00e9nticos equipos de ingenier\u00eda aeroac\u00fastica, para su integraci\u00f3n en el lado de aspiraci\u00f3n y\/o descarga de los equipos de climatizaci\u00f3n.<\/p>\n","protected":false},"featured_media":19029,"template":"","product_category":[279],"class_list":["post-19044","product","type-product","status-publish","has-post-thumbnail","hentry","product_category-auriculares-acusticos"],"acf":[],"_links":{"self":[{"href":"https:\/\/www.groupe-boet.com\/es\/wp-json\/wp\/v2\/product\/19044","targetHints":{"allow":["GET"]}}],"collection":[{"href":"https:\/\/www.groupe-boet.com\/es\/wp-json\/wp\/v2\/product"}],"about":[{"href":"https:\/\/www.groupe-boet.com\/es\/wp-json\/wp\/v2\/types\/product"}],"version-history":[{"count":2,"href":"https:\/\/www.groupe-boet.com\/es\/wp-json\/wp\/v2\/product\/19044\/revisions"}],"predecessor-version":[{"id":19105,"href":"https:\/\/www.groupe-boet.com\/es\/wp-json\/wp\/v2\/product\/19044\/revisions\/19105"}],"wp:featuredmedia":[{"embeddable":true,"href":"https:\/\/www.groupe-boet.com\/es\/wp-json\/wp\/v2\/media\/19029"}],"wp:attachment":[{"href":"https:\/\/www.groupe-boet.com\/es\/wp-json\/wp\/v2\/media?parent=19044"}],"wp:term":[{"taxonomy":"product_category","embeddable":true,"href":"https:\/\/www.groupe-boet.com\/es\/wp-json\/wp\/v2\/product_category?post=19044"}],"curies":[{"name":"wp","href":"https:\/\/api.w.org\/{rel}","templated":true}]}}