{"id":15481,"date":"2025-10-02T14:27:56","date_gmt":"2025-10-02T12:27:56","guid":{"rendered":"https:\/\/www.groupe-boet.com\/product\/silenciador-de-escape-del-motor-catalizado\/"},"modified":"2025-12-17T11:08:18","modified_gmt":"2025-12-17T10:08:18","slug":"silenciador-de-escape-del-motor-catalizado","status":"publish","type":"product","link":"https:\/\/www.groupe-boet.com\/es\/product\/silenciador-de-escape-del-motor-catalizado\/","title":{"rendered":"Silenciador de escape del motor catalizado"},"excerpt":{"rendered":"<p>El silenciador catalizado de escape de motor combina una atenuaci\u00f3n de 15 a 60 dB con una funci\u00f3n catal\u00edtica para transformar los contaminantes (HC, CO) en CO\u2082 y vapor de agua. Robusto, modular y dise\u00f1ado a medida para adaptarse al motor y al entorno industrial, puede integrarse en instalaciones nuevas o renovadas. <\/p>\n","protected":false},"featured_media":15441,"template":"","product_category":[61],"class_list":["post-15481","product","type-product","status-publish","has-post-thumbnail","hentry","product_category-silenciadores-industriales"],"acf":[],"_links":{"self":[{"href":"https:\/\/www.groupe-boet.com\/es\/wp-json\/wp\/v2\/product\/15481","targetHints":{"allow":["GET"]}}],"collection":[{"href":"https:\/\/www.groupe-boet.com\/es\/wp-json\/wp\/v2\/product"}],"about":[{"href":"https:\/\/www.groupe-boet.com\/es\/wp-json\/wp\/v2\/types\/product"}],"version-history":[{"count":2,"href":"https:\/\/www.groupe-boet.com\/es\/wp-json\/wp\/v2\/product\/15481\/revisions"}],"predecessor-version":[{"id":18042,"href":"https:\/\/www.groupe-boet.com\/es\/wp-json\/wp\/v2\/product\/15481\/revisions\/18042"}],"wp:featuredmedia":[{"embeddable":true,"href":"https:\/\/www.groupe-boet.com\/es\/wp-json\/wp\/v2\/media\/15441"}],"wp:attachment":[{"href":"https:\/\/www.groupe-boet.com\/es\/wp-json\/wp\/v2\/media?parent=15481"}],"wp:term":[{"taxonomy":"product_category","embeddable":true,"href":"https:\/\/www.groupe-boet.com\/es\/wp-json\/wp\/v2\/product_category?post=15481"}],"curies":[{"name":"wp","href":"https:\/\/api.w.org\/{rel}","templated":true}]}}