{"id":8729,"date":"2025-05-26T22:03:35","date_gmt":"2025-05-26T20:03:35","guid":{"rendered":"https:\/\/www.groupe-boet.com\/nuestras-competencias\/"},"modified":"2026-04-14T16:17:39","modified_gmt":"2026-04-14T14:17:39","slug":"nuestras-competencias","status":"publish","type":"page","link":"https:\/\/www.groupe-boet.com\/es\/nuestras-competencias\/","title":{"rendered":"Nuestras competencias"},"content":{"rendered":"","protected":false},"excerpt":{"rendered":"<p>Como expertos en ac\u00fastica, ventilaci\u00f3n y control de la contaminaci\u00f3n, podemos ayudarte a controlar todas tus emisiones con soluciones t\u00e9cnicas y personalizadas.<\/p>\n","protected":false},"author":22,"featured_media":8584,"parent":0,"menu_order":0,"comment_status":"closed","ping_status":"closed","template":"","meta":{"_acf_changed":false,"footnotes":""},"class_list":["post-8729","page","type-page","status-publish","has-post-thumbnail","hentry"],"acf":[],"_links":{"self":[{"href":"https:\/\/www.groupe-boet.com\/es\/wp-json\/wp\/v2\/pages\/8729","targetHints":{"allow":["GET"]}}],"collection":[{"href":"https:\/\/www.groupe-boet.com\/es\/wp-json\/wp\/v2\/pages"}],"about":[{"href":"https:\/\/www.groupe-boet.com\/es\/wp-json\/wp\/v2\/types\/page"}],"author":[{"embeddable":true,"href":"https:\/\/www.groupe-boet.com\/es\/wp-json\/wp\/v2\/users\/22"}],"replies":[{"embeddable":true,"href":"https:\/\/www.groupe-boet.com\/es\/wp-json\/wp\/v2\/comments?post=8729"}],"version-history":[{"count":2,"href":"https:\/\/www.groupe-boet.com\/es\/wp-json\/wp\/v2\/pages\/8729\/revisions"}],"predecessor-version":[{"id":9168,"href":"https:\/\/www.groupe-boet.com\/es\/wp-json\/wp\/v2\/pages\/8729\/revisions\/9168"}],"wp:featuredmedia":[{"embeddable":true,"href":"https:\/\/www.groupe-boet.com\/es\/wp-json\/wp\/v2\/media\/8584"}],"wp:attachment":[{"href":"https:\/\/www.groupe-boet.com\/es\/wp-json\/wp\/v2\/media?parent=8729"}],"curies":[{"name":"wp","href":"https:\/\/api.w.org\/{rel}","templated":true}]}}